{"id":15364,"date":"2021-03-28T02:29:56","date_gmt":"2021-03-28T05:29:56","guid":{"rendered":"http:\/\/www.gastronomica.cl\/eng\/?page_id=15364"},"modified":"2021-05-26T01:31:56","modified_gmt":"2021-05-26T04:31:56","slug":"consultorias","status":"publish","type":"page","link":"http:\/\/www.gastronomica.cl\/eng\/consultorias\/","title":{"rendered":"Consultorias"},"content":{"rendered":"<p>[vc_row][vc_column width=&#8221;1\/1&#8243;]<h1 class=\"headline font-special fontsize-xl fontweight-700 lh-inherit align-left transform-uppercase \" style=\"margin: 0 0 40px 0; color: #00b200;\">CONSULTANCIES AND PROJECTS DEVELOPED<\/h1>[\/vc_column][\/vc_row][vc_row][vc_column width=&#8221;1\/2&#8243;][vc_column_text]<\/p>\n<h4><strong><u>HOTELS:<br \/>\n<\/u><\/strong><\/h4>\n<ul>\n<li>NH NHOW La Dehesa.<\/li>\n<li>NOVOTEL Providencia.<\/li>\n<li>NOVOTEL Vi\u00f1a del Mar.<\/li>\n<li>NOVOTEL Arica.<\/li>\n<li>NOVOTEL Enea Airport. (*)<\/li>\n<li>NOVOTEL La Serena. (*)<\/li>\n<li>NOVOTEL Punta Arenas. (*)<\/li>\n<li>WESTIN Santiago Golf Club. (*)<\/li>\n<li>FAIRFIELD Santiago. (*)<\/li>\n<li>ALOFT Vitacura. (*)<\/li>\n<li>LA QUINTA by WYNDHAM Santiago Airport.<\/li>\n<li>MAMA SHELTER Santiago. (*)<\/li>\n<li>MANDARIN ORIENTAL Vi\u00f1a del Mar. (*)<\/li>\n<li>OVALLE Hotel &amp; Casino.<\/li>\n<li>LUCKIA ARICA CITY CENTER Hotel &amp; Casino.<\/li>\n<li>PLAZA SOL DE LOS LAGOS Hotel &amp; Casino.<\/li>\n<li>GRAN LOS ANGELES Hotel &amp; Casino.<\/li>\n<li>HILTON GARDEN INN Iquique.<\/li>\n<li>HILTON GARDEN INN Santiago Airport.<\/li>\n<li>HYATT PLACE Vitacura.<\/li>\n<li>HYATT PLACE Concepci\u00f3n. (*)<\/li>\n<li>R\u00cdO SERRANO Torres del Paine.<\/li>\n<li>PUERTO NATALES Bed &amp; Breakfast.<\/li>\n<li>LADERA Boutique Hotel.<\/li>\n<li>NODO Boutique Hotel.<\/li>\n<li>DEBAINES Boutique Hotel Santiago Downtown.<\/li>\n<li>SAN MART\u00cdN Santiago.<\/li>\n<li>VILLARRICA CAJA LOS ANDES Resort. (*)<\/li>\n<li>HYATT CENTRIC Montevideo (Uruguay).<\/li>\n<li>HYATT CENTRIC Lima (Peru).<\/li>\n<li>HYATT CENTRIC Santiago. (*)<\/li>\n<li>GALERIAS Santiago Downtown.<\/li>\n<li>CITY EXPRESS ENEA Santiago.<\/li>\n<li>IBIS Iquique.<\/li>\n<li>IBIS Antofagasta.<\/li>\n<li>IBIS Calama.<\/li>\n<li>IBIS Copiap\u00f3.<\/li>\n<li>IBIS La Serena. (*)<\/li>\n<li>IBIS Manuel Montt.<\/li>\n<li>IBIS Concepci\u00f3n.<\/li>\n<li>PRESIDENT SUITES Santiago.<\/li>\n<li>TERMAS DE JAHUEL.<\/li>\n<li>MARINA VICHUQU\u00c9N.<\/li>\n<li>ATACAMA CENTER Copiapo. (*)<\/li>\n<li>HOLIDAY INN Santiago Airport. (*)<\/li>\n<li>CAESAR BUSINESS Puerto Montt.<\/li>\n<\/ul>\n<p>&nbsp;<\/p>\n<h4><strong><u>RESTAURANTS &amp; CAFETERIAS:<\/u><\/strong><\/h4>\n<ul>\n<li>IKEA OPEN KENNEDY Self-service Restaurant &amp; Bistro.<\/li>\n<li>IKEA MALL PLAZA OESTE Self-service Restaurant &amp; Bistro.<\/li>\n<li>MONSE\u00d1OR La Dehesa.<\/li>\n<li>RUBAIYAT Santiago.<\/li>\n<li>SOTTOVOCE Casa Costanera.<\/li>\n<li>MILLEFLEUR Casa Costanera.<\/li>\n<li>ALL DAY NH HOTEL Casa Costanera.<\/li>\n<li>BARULLO Casa Costanera.<\/li>\n<li>CONDOR (MANDARIN ORIENTAL SANTIAGO Hotel Staff Restaurant).<\/li>\n<li>LA FABRICA de Punta Arenas. (*)<\/li>\n<li>FERVOR Casa Costanera. (*)<\/li>\n<li>MORELO BORDE MAR Iquique.<\/li>\n<li>CLUB NAVAL DE CAMPO LAS SALINAS Vi\u00f1a del Mar.<\/li>\n<li>ANAKENA (GRAND HYATT SANTIAGO Hotel). (*)<\/li>\n<li>CLUB DEPORTIVO MANQUEHUE Cafeteria.<\/li>\n<li>HACIENDA SANTA MARTINA Barbacue Restaurant.<\/li>\n<li>MORELO Mall Plaza Las Am\u00e9ricas Cafeteria. (*)<\/li>\n<li>SAMOIEDO Galer\u00eda Florida Vi\u00f1a del Mar.<\/li>\n<li>LA CAFET &#8211; CL\u00cdNICA ALEMANA Santiago.<\/li>\n<li>CENTRO ABIERTO PENSIONADOS CAJA LOS ANDES.<\/li>\n<li>PUERTO LOS VILOS Self-service Restaurant. (*)<\/li>\n<li>SUPERMERCADOS SANTA ISABEL Iquique Self-service Restaurant.<\/li>\n<li>SUPERMERCADO SANTA ISABEL Providencia Self-service Restaurant.<\/li>\n<\/ul>\n<p>&nbsp;<\/p>\n<h4><strong><u>ROAD RESTAURANTS:<\/u><\/strong><\/h4>\n<ul>\n<li>RUTA SERVICE TUR-BUS LOS VILOS.<\/li>\n<li>RUTA SERVICE TUR-BUS CALDERA.<\/li>\n<li>TERMINAL TUR-BUS CARDENAL CARLOS OVIEDO CAVADA (Antofagasta).<\/li>\n<\/ul>\n<p>&nbsp;<\/p>\n<p><strong><u>CORPORATE BUILDINGS: <\/u><\/strong><u>Kitchen Facilities &amp; Staff Canteens.<\/u><\/p>\n<ul>\n<li>COPEC Enterprises. Santiago.<\/li>\n<li>BANCO BICE Headquarters. Santiago. (*)<\/li>\n<li>TOTTUS Santiago. (*)<\/li>\n<li>CAROZZI Nos.<\/li>\n<li>TELETON INSTITUTES Headquarters. Santiago.<\/li>\n<li>IMEX Enterprises. Santiago.<\/li>\n<li>DBS COSMETICS. Santiago.<\/li>\n<li>COMPA\u00d1\u00cdA DE CERVECER\u00cdAS UNIDAS (CCU) Headquarters. Temuco.<\/li>\n<li>HUNTER DOUGLAS Enterprises. San Bernardo.<\/li>\n<li>CAJA DE COMPENSACION LOS ANDES. Santiago.<\/li>\n<li>BANCO SECURITY Headquarters. Santiago.<\/li>\n<li>BANCO BBVA Parque Titanium Headquarters. Santiago.<\/li>\n<li>VTR Enterprises. Santiago.<\/li>\n<li>AGUAS DEL ALTIPLANO Headquarters. Iquique.<\/li>\n<li>CAJA DE COMPENSACION LOS ANDES Vi\u00f1a del Mar.<\/li>\n<li>CAJA DE COMPENSACION LOS ANDES Maipu.<\/li>\n<li>SABINCO INDUSTRIAL PLANT. Santiago. (*)<\/li>\n<li>PIZARRE\u00d1O Enterprises. Santiago.<\/li>\n<li>MOLY-COP Enterprises. Antofagasta.<\/li>\n<li>IGLESIA DE JESUCRISTO DE LOS SANTOS DE LOS ULTIMOS DIAS. Santiago.<\/li>\n<li>AISH HATORAH CHILE. Santiago.<\/li>\n<li>BNEI ISRAEL. Santiago.<\/li>\n<li>RESIDENCIA GALVARINO. Santiago.<\/li>\n<li>RESIDENCIA UNIVERSITARIA PUNTA DEL ESTE. Santiago.<\/li>\n<li>CASA DE CONVIVENCIAS PAPUDO.<\/li>\n<\/ul>\n<p>&nbsp;<\/p>\n<h4><strong><u>FOOD PRODUCTION PLANTS:<\/u><\/strong><\/h4>\n<ul>\n<li>ARTE CULINARIA. Quilicura, Santiago. (*)<\/li>\n<li>GENOVA SERVICIOS GASTRONOMICOS. Huechuraba, Santiago.<\/li>\n<li>SALVIA ALIMENTOS CONGELADOS. Parral, VII Region.<\/li>\n<li>SANOPAN BAKERY PLANT. Renca, Santiago, (*)<\/li>\n<\/ul>\n<p>&nbsp;<\/p>\n<h4><strong><u>SCHOOLS, INSTITUTES AND UNIVERSITIES: <\/u><\/strong><u>Kitchen &amp; Dining Facilities.<\/u><\/h4>\n<ul>\n<li>PASCUAL BABURIZZA AGRICULTURAL Los Andes, V Region.<\/li>\n<li>INACAP &#8211; Renca Campus. Santiago.<\/li>\n<li>GERMAN SCHOOL OF PUERTO VARAS. Puerto Varas, X Region.<\/li>\n<li>GERMAN SCHOOL OF CHICUREO. Santiago.<\/li>\n<li>ANTOFAGASTA BRITISH SCHOOL. II Regi\u00f3n.<\/li>\n<li>DUOC UC. Santiago. (*)<\/li>\n<li>LOS VILOS PROFESSIONAL TECHNICAL LYCEUM, PELAMBRES MINING COMPANY. IV Region.<\/li>\n<li>LAS GARZAS AGRICULTURAL SCHOOL. San Fernando, VI Region.<\/li>\n<li>SAN ANSELMO SCHOOL. Chicureo, Santiago.<\/li>\n<li>CAJA LOS ANDES OPEN CENTER FOR PENSIONERS Kitchen Workshops.<\/li>\n<li>CULINARY SCHOOL Kitchen Workshops. Vi\u00f1a del Mar, V Region.<\/li>\n<li>BRITISH SCHOOL. Punta Arenas, XII Region.<\/li>\n<li>GERMAN SCHOOL OF CHILLAN. Chill\u00e1n, VIII Region.<\/li>\n<li>ALTAMIRA SCHOOL. Santiago.<\/li>\n<li>CARPE DIEM SCHOOL. Castro, X Region.<\/li>\n<li>PUMAHUE SCHOOL. Huechuraba, Santiago.<\/li>\n<li>UNIVERSITY OF LOS ANDES. Santiago.<\/li>\n<li>CATHOLIC UNIVERSITY OF VALPARAISO &#8211; Faculty of Engineering. V Region.<\/li>\n<li>UNIVERSITY OF MAGALLANES &#8211; North Campus. Punta Arenas, XII Region.<\/li>\n<li>SAINT GABRIEL\u2019S SCHOOL. Santiago.<\/li>\n<li>ADOLFO IBA\u00d1EZ UNIVERSITY. Valparaiso, V Region.<\/li>\n<li>SANTA MARIA INSTITUTE. Santiago y Chill\u00e1n, VIII Region.<\/li>\n<li>UNIVERSITY OF CHILE &#8211; Facultad de Econom\u00eda. Santiago.<\/li>\n<li>MILITARY SCHOOL. Santiago. (*)<\/li>\n<li>UNIVERSITY OF CONCEPCION, Los Patos &amp; Los Angeles Campus. VIII Region. (*)<\/li>\n<li>ANDRES BELLO NATIONAL UNIVERSITY &#8211; Republica Campus. Santiago.<\/li>\n<li>SAN SEBASTIAN UNIVERSITY. Concepci\u00f3n, VIII Region.<\/li>\n<\/ul>\n<p>[\/vc_column_text][\/vc_column][vc_column width=&#8221;1\/2&#8243;][vc_column_text]<\/p>\n<h4><strong><u>COMPANIES AND INDUSTRIES: <\/u><\/strong><u>Kitchen Facilities &amp; Staff Canteens<\/u><\/h4>\n<ul>\n<li>BODEHAUS. Santiago. (*)<\/li>\n<li>CAROZZI PLANTA GALLETAS. Nos. (*)<\/li>\n<li>FINNING CAT CHILE. San Francisco de Mostazal, Santiago.<\/li>\n<li>PETRICIO. Antofagasta, II Region.<\/li>\n<li>AGROSUPER San Vicente, Rosario &amp; Lo Miranda. VI Region.<\/li>\n<li>STORBOX. Santiago.<\/li>\n<li>PESQUERA LOTA PROTEIN. VIII Region.<\/li>\n<li>BANCO DE CHILE. Santiago Centro. (*)<\/li>\n<li>ARTEL. Santiago.<\/li>\n<li>CLARIANT CHILE. Santiago.<\/li>\n<li>CLOROX. Santiago.<\/li>\n<li>KOMATSU CHILE. Santiago.<\/li>\n<li>CECINAS SAN JORGE. Santiago. (*)<\/li>\n<li>CEPAL. Santiago. (*)<\/li>\n<li>BIERSDORF CHILE. Santiago.<\/li>\n<li>SOCIEDAD AGRICOLA LA ROSA SOFRUCO. Peumo, VI Region.<\/li>\n<li>BANCO ESTADO. Concepci\u00f3n, VIII Region.<\/li>\n<li>BANCO ESTADO. Santiago.<\/li>\n<li>ALIMENTOS Y FRUTOS &#8211; ALIFRUT. Chill\u00e1n, VIII Region.<\/li>\n<li>B. BOSCH. Santiago.<\/li>\n<li>COPEFRUT. Curic\u00f3, VII Region.<\/li>\n<li>COPEFRUT. Linares, VII Region.<\/li>\n<li>COPEFRUT CENKIWI. Curic\u00f3, VII Region.<\/li>\n<li>D&amp;S &#8211; EDIFICIO PRESTO. Santiago. (*)<\/li>\n<li>D&amp;S &#8211; ESCUELA DE SERVICIOS. Santiago. (*)<\/li>\n<li>EMPRESAS POLAR. Centro Empresarial Polar Los Cortijos. Caracas, Venezuela.<\/li>\n<li>WATT\u2019S. Santiago.<\/li>\n<li>VI\u00d1A SAN PEDRO. Molina y Lontu\u00e9. VII Region.<\/li>\n<li>SUPERINTENDENCIA DE BANCOS. Santiago.<\/li>\n<li>PESQUERA CORONEL. VIII Region.<\/li>\n<li>BRINK\u2019S. Santiago.<\/li>\n<li>PANELES ARAUCO. Arauco, VIII Region.<\/li>\n<li>CALZADOS ALBANO. Concepci\u00f3n, VIII Region.<\/li>\n<li>PEUGEOT CHILE. Santiago.<\/li>\n<li>SHERWIN WILLIAMS. Santiago.<\/li>\n<li>MINISTERIO DE RELACIONES EXTERIORES. Santiago. (*)<\/li>\n<li>FARMACIAS AHUMADA. Santiago. (*)<\/li>\n<li>FARMACIAS CRUZ VERDE. Santiago. (*)<\/li>\n<li>FARMACIAS SALCOBRANDT. Santiago. (*)<\/li>\n<li>COMICROM. Santiago.<\/li>\n<li>INDUSTRIAS COSTA. V Region.<\/li>\n<li>CONGELADOS DEL PACIFICO. Talcahuano, VIII Region.<\/li>\n<li>CORREOS DE CHILE. Santiago.<\/li>\n<li>INDUSTRIAS COPIHUE. VIII Region.<\/li>\n<li>L\u2019OREAL CHILE. Santiago.<\/li>\n<li>TUCAPEL. Santiago.<\/li>\n<li>CRISTALERIAS TORO. Santiago.<\/li>\n<li>ECOISAL. Puerto Montt, X Region.<\/li>\n<li>INDUGAS. Santiago.<\/li>\n<li>JOHNSON\u2019S CLOTHES. Santiago.<\/li>\n<li>DISTRIBUIDORA RABIE. Chill\u00e1n, VIII Region.<\/li>\n<li>SOCOFAR. Santiago y Valpara\u00edso, VIII Region.<\/li>\n<li>VIDRIOS LIRQUEN. VIII Region.<\/li>\n<\/ul>\n<p>&nbsp;<\/p>\n<h4><strong><u>MINING AND REMOTE SITES:<\/u><\/strong><\/h4>\n<ul>\n<li>DO\u00d1A INES DE COLLAHUASI MINING COMPANY. Self-service Systems Redesign &amp; Renovation for the Staff Dining Facilities: CASINOS 460, PIONERO, 1.000, COPOSA, PUMA &amp; LLAMA.<\/li>\n<li>DO\u00d1A INES DE COLLAHUASI MINING COMPANY. Central Dishwashing Area Redesign &amp; Renovation under Fully Automated Washing System: CASINO 1.000.<\/li>\n<li>ESCONDIDA MINING COMPANY \u2013 2.300 CAMP. COOK &amp; CHILL Central Production Kitchen &amp; Camp Staff Canteen. II Region.<\/li>\n<li>ESCONDIDA MINING COMPANY &#8211; New Field Canteens in Mine Operational Areas. Staff Canteen: OXIDO AREA HUMEDA, LIXIVIACION DE SULFUROS, MANTENCION MINA TERRENO, TALLERES, 3.5, LAGUNA SECA &amp; MUESTRERA. II Region.<\/li>\n<li>ESCONDIDA MINING COMPANY \u2013 2.000 CAMP &amp; VILLA SAN LORENZO. Renovation &amp; Expansion of the COOK &amp; CHILL Production Areas. II Region.<\/li>\n<li>BHP BILLITON \u2013 5.400 CAMP. Self-Service Areas Redesign &amp; Renovation. II Region.<\/li>\n<li>BARRICK PASCUA-LAMA \u2013 BARRIALES CAMP. Renovation &amp; Expansion of the Central Food Production Area &amp; Staff Canteen. III Region.<\/li>\n<li>BARRICK PASCUA-LAMA &#8211; POTRERILLOS, 13 CURVAS &amp; CALIZAS CAMPS. Camp Staff Canteens. III Region.<\/li>\n<li>BARRICK PASCUA-LAMA &#8211; LOS AMARILLOS CAMP. Lama Expansion Project Staff Canteen. Province of San Juan, Argentina.<\/li>\n<li>BARRICK CERRO CASALE. Central Production Kitchen &amp; Staff Canteens for Operation &amp; Construction Camps, Peripheral &amp; Pioneer Camps. Copiapo, III Region. (*)<\/li>\n<li>LUMINA COPPER CHILE MINING COMPANY &#8211; CASERONES. Central Production Kitchen &amp; Staff Canteens for Operation &amp; Construction Camps. Copiapo, III Region.<\/li>\n<li>QUADRA MINING COMPANY &#8211; SIERRA GORDA. Central Production Kitchen &amp; Staff Canteens for Construction, Operation &amp; Pioneer Camps. Antofagasta, II Region.<\/li>\n<li>KINROSS MINING COMPANY &#8211; LOBO MARTE. Staff Canteen for Construction &amp; Pioneer Camps. Copiapo, III Region. (*)<\/li>\n<li>SODEXO CHILE. COOK &amp; CHILL Central Food Production Plant. Antofagasta, II Region. (*)<\/li>\n<li>SODEXO CHILE. DSD LAJA Company Staff Canteen Construction Camp. III Region.<\/li>\n<li>COMPA\u00d1IA MINERA DEL PAC\u00cdFICO (CAP) &#8211; CERRO NEGRO. Pioneer Camp Staff Canteen. Copiapo, III Region. (*)<\/li>\n<li>LOS PELAMBRES MINING COMPANY &#8211; CHACAY CAMP. Renovation &amp; Expansion of the Central Production Kitchen &amp; Staff Canteen. Salamanca, IV Region. (*)<\/li>\n<li>ALTONORTE FOUNDRY (NORANDA CHILE). Plant Personnel and Contractors Staff Canteens. Antofagasta, II Region.<\/li>\n<li>EL ABRA MINING COMPANY. Renovation of the Central Kitchen &amp; Staff Canteen. II Region.<\/li>\n<li>ESCONDIDA MINING COMPANY. Central Food Production Plant. Antofagasta, II Region. (*)<\/li>\n<li>EMPRESA NACIONAL DEL PETROLEO (ENAP) \u2013 LAREDO BAY &amp; POSSESION. Renovation &amp; Expansion of Staff Canteens. XII Region.<\/li>\n<li>EMPRESA NACIONAL DEL PETROLEO (ENAP) \u2013 CERRO SOMBRERO &amp; GREGORIO. Renovation &amp; Expansion of Staff Canteens. XII Region.<\/li>\n<li>MICHILLA MINING COMPANY. Renovation of the Staff Canteen. II Regi\u00f3n.<\/li>\n<li>CODELCO CHILE &#8211; ANDINA DIVISION. Renovation &amp; Expansion of Staff Canteens: SALADILLO, KM. 18 &amp; SUR-SUR. V Region. (*)<\/li>\n<li>CODELCO CHILE &#8211; ANDINA Renovation &amp; Expansion of the Central Production Kitchen &amp; Staff Canteen for the HILTON Facilities Complex. V Region.<\/li>\n<li>CODELCO CHILE &#8211; EL TENIENTE DIVISION. Renovation &amp; Expansion of the Central Production Kitchen &amp; Cafeteria. VI Region. (*)<\/li>\n<li>PUNTA DE LOBOS MINING COMPANY. Renovation of Staff Canteens: PLANT &amp; MINING CAMPS. Iquique, I Region. (*)<\/li>\n<li>RALCO C.C.A. Remote Site Staff Canteen. VI Region.<\/li>\n<li>RALCO-FE GRANDE. Remote Site Staff Canteen. VI Region.<\/li>\n<\/ul>\n<p>&nbsp;<\/p>\n<h4><strong><u>GOVERNMENT INSTITUTIONS AND ARMED FORCES:<\/u><\/strong><\/h4>\n<ul>\n<li>CHILEAN AIR FORCE OFFICIALS Staff Canteen. Huayquique, I Region.<\/li>\n<li>CHILEAN AIR FORCE SUB-OFFICIALS Staff Canteen. Iquique, I Region.<\/li>\n<li>CHILEAN AIR FORCE DELPHOS LOS CERRILLOS Staff Canteen. Santiago.<\/li>\n<li>CHILEAN AIR FORCE SERVUS EL BOSQUE Staff Canteen.<\/li>\n<li>NATIONAL AERONAUTICS COMPANY (ENAER) Staff Canteen.<\/li>\n<li>POLYTECHNICAL MILITARY ACADEMY Staff Canteen.<\/li>\n<\/ul>\n<p>&nbsp;<\/p>\n<h4><strong><u>HOSPITALS, CLINICS &amp; NURSING HOMES:<\/u><\/strong><\/h4>\n<ul>\n<li>HOSPITAL DEL TRABAJADOR &#8211; ACHS. COOK &amp; CHILL Central Production Kitchen, Staff Canteen &amp; Cafeteria. (*)<\/li>\n<li>OSORNO GERMAN NURSING HOME (German Charity Society). Central Production Kitchen &amp; Dining Facilities. X Region.<\/li>\n<li>PUERTO VARAS GERMAN NURSING HOME (German Charity Society). Central Production Kitchen &amp; Dining Facilities. X Region.<\/li>\n<li>VALDIVIA GERMAN NURSING HOME (German Charity Society). Central Production Kitchen &amp; Dining Facilities. XIV Region. (*)<\/li>\n<li>VITACURA GERMAN NURSING HOME (German Charity Society). Central Production Kitchen.<\/li>\n<li>TELETHON INSTITUTES OF CHILE: Iquique, Antofagasta, Coquimbo, Valpara\u00edso, Talca, Concepci\u00f3n, Temuco y Puerto Montt. Central Kitchens &amp; Staff Canteens.<\/li>\n<li>HOSPITAL CLINICO UNIVERSIDAD CATOLICA DE CHILE. Central Production Kitchen &amp; Staff Canteen Redesign &amp; Renovation.<\/li>\n<li>LIRCAY CLINIC. Central Kitchen &amp; Staff Canteen. Talca, VII Region.<\/li>\n<li>LOS MAITENES CLINIC. Central Kitchen, Staff Canteen &amp; Cafeteria. Melipilla, R.M.<\/li>\n<li>LOS TIEMPOS CLINIC. Central Kitchen. Santiago.<\/li>\n<li>HOSPITAL MILITAR DE ANTOFAGASTA. Central Production Kitchen. II Region. (*)<\/li>\n<li>HOSPITAL SANTIAGO ORIENTE. Central Kitchen &amp; Staff Canteen.<\/li>\n<li>CLINICA ALEMANA DE SANTIAGO (German Charity Society). Central Production Kitchen Santiago.<\/li>\n<li>INSTITUTO DE SEGURIDAD DEL TRABAJO. Central Production Kitchen. V Region.<\/li>\n<li>MUTUAL DE SEGURIDAD. Central Kitchen &amp; Staff Canteen. Santiago. (*)<\/li>\n<\/ul>\n<p>&nbsp;<\/p>\n<h4><strong><u>PRISONS:<\/u><\/strong><\/h4>\n<ul>\n<li>CONCEPCION PENITENTIARY ESTABLISHMENT. Central Production Kitchen, Foodservice &amp; Dining Facilities for Seclusion Modules, Officers, Sub-officers, and Personnel. VIII Region.<\/li>\n<\/ul>\n<p>&nbsp;<\/p>\n<ul>\n<li><u>GENERAL NOTE:<\/u> (*) = Project not built to date<\/li>\n<\/ul>\n<p>[\/vc_column_text][\/vc_column][\/vc_row]<\/p>\n","protected":false},"excerpt":{"rendered":"<p>[vc_row][vc_column width=&#8221;1\/1&#8243;][\/vc_column][\/vc_row][vc_row][vc_column width=&#8221;1\/2&#8243;][vc_column_text] HOTELS: NH NHOW La Dehesa. NOVOTEL Providencia. NOVOTEL Vi\u00f1a del Mar. NOVOTEL Arica. NOVOTEL Enea Airport. (*) NOVOTEL La Serena. (*) NOVOTEL Punta Arenas. (*) WESTIN Santiago Golf Club. (*) FAIRFIELD Santiago. (*) ALOFT Vitacura. (*) LA QUINTA by WYNDHAM Santiago Airport. MAMA SHELTER Santiago. (*) MANDARIN ORIENTAL Vi\u00f1a del Mar. (*) OVALLE Hotel &amp; Casino. LUCKIA ARICA CITY CENTER Hotel &amp; Casino. PLAZA SOL DE LOS LAGOS Hotel &amp; Casino. GRAN LOS ANGELES Hotel &amp; Casino. HILTON GARDEN INN Iquique. HILTON GARDEN INN Santiago Airport. HYATT PLACE Vitacura. HYATT PLACE Concepci\u00f3n. (*) R\u00cdO SERRANO Torres del Paine. PUERTO NATALES Bed &amp; Breakfast. LADERA Boutique Hotel. NODO Boutique Hotel. DEBAINES Boutique Hotel Santiago Downtown. SAN MART\u00cdN Santiago. VILLARRICA CAJA LOS ANDES Resort. (*) HYATT CENTRIC Montevideo (Uruguay). HYATT CENTRIC Lima (Peru). HYATT CENTRIC Santiago. (*) GALERIAS Santiago Downtown. CITY EXPRESS ENEA Santiago. IBIS Iquique. IBIS Antofagasta. IBIS Calama. IBIS Copiap\u00f3. IBIS La Serena. (*) IBIS Manuel Montt. IBIS Concepci\u00f3n. PRESIDENT SUITES Santiago. TERMAS DE JAHUEL. MARINA VICHUQU\u00c9N. ATACAMA CENTER Copiapo. (*) HOLIDAY INN Santiago Airport. (*) CAESAR BUSINESS Puerto Montt. &nbsp; RESTAURANTS &amp; CAFETERIAS: IKEA OPEN KENNEDY Self-service Restaurant &amp; Bistro. IKEA MALL PLAZA OESTE Self-service Restaurant [&hellip;]<\/p>\n","protected":false},"author":1,"featured_media":0,"parent":0,"menu_order":0,"comment_status":"closed","ping_status":"closed","template":"","meta":[],"_links":{"self":[{"href":"http:\/\/www.gastronomica.cl\/eng\/wp-json\/wp\/v2\/pages\/15364"}],"collection":[{"href":"http:\/\/www.gastronomica.cl\/eng\/wp-json\/wp\/v2\/pages"}],"about":[{"href":"http:\/\/www.gastronomica.cl\/eng\/wp-json\/wp\/v2\/types\/page"}],"author":[{"embeddable":true,"href":"http:\/\/www.gastronomica.cl\/eng\/wp-json\/wp\/v2\/users\/1"}],"replies":[{"embeddable":true,"href":"http:\/\/www.gastronomica.cl\/eng\/wp-json\/wp\/v2\/comments?post=15364"}],"version-history":[{"count":31,"href":"http:\/\/www.gastronomica.cl\/eng\/wp-json\/wp\/v2\/pages\/15364\/revisions"}],"predecessor-version":[{"id":15755,"href":"http:\/\/www.gastronomica.cl\/eng\/wp-json\/wp\/v2\/pages\/15364\/revisions\/15755"}],"wp:attachment":[{"href":"http:\/\/www.gastronomica.cl\/eng\/wp-json\/wp\/v2\/media?parent=15364"}],"curies":[{"name":"wp","href":"https:\/\/api.w.org\/{rel}","templated":true}]}}